{"id":3513,"date":"2021-10-04T19:51:18","date_gmt":"2021-10-04T17:51:18","guid":{"rendered":"https:\/\/www.aureliecousseau.com\/?page_id=3513"},"modified":"2024-06-17T10:53:24","modified_gmt":"2024-06-17T08:53:24","slug":"a-propos","status":"publish","type":"page","link":"https:\/\/www.aureliecousseau.com\/en\/a-propos\/","title":{"rendered":"About me"},"content":{"rendered":"<div data-elementor-type=\"wp-page\" data-elementor-id=\"3513\" class=\"elementor elementor-3513\" data-elementor-post-type=\"page\">\n\t\t\t\t\t\t<section class=\"elementor-section elementor-top-section elementor-element elementor-element-bca5d9c elementor-section-full_width elementor-section-height-default elementor-section-height-default\" data-id=\"bca5d9c\" data-element_type=\"section\" data-settings=\"{&quot;background_background&quot;:&quot;classic&quot;}\">\n\t\t\t\t\t\t<div class=\"elementor-container elementor-column-gap-default\">\n\t\t\t\t\t<div class=\"elementor-column elementor-col-50 elementor-top-column elementor-element elementor-element-8fb61a5\" data-id=\"8fb61a5\" data-element_type=\"column\" data-settings=\"{&quot;background_background&quot;:&quot;classic&quot;}\">\n\t\t\t<div class=\"elementor-widget-wrap elementor-element-populated\">\n\t\t\t\t\t\t<div class=\"elementor-element elementor-element-fc87919 elementor-widget elementor-widget-spacer\" data-id=\"fc87919\" data-element_type=\"widget\" data-widget_type=\"spacer.default\">\n\t\t\t\t<div class=\"elementor-widget-container\">\n\t\t\t\t\t\t\t<div class=\"elementor-spacer\">\n\t\t\t<div class=\"elementor-spacer-inner\"><\/div>\n\t\t<\/div>\n\t\t\t\t\t\t<\/div>\n\t\t\t\t<\/div>\n\t\t\t\t\t<\/div>\n\t\t<\/div>\n\t\t\t\t<div class=\"elementor-column elementor-col-50 elementor-top-column elementor-element elementor-element-74d5980\" data-id=\"74d5980\" data-element_type=\"column\">\n\t\t\t<div class=\"elementor-widget-wrap elementor-element-populated\">\n\t\t\t\t\t\t<div class=\"elementor-element elementor-element-a042f65 elementor-widget elementor-widget-heading\" data-id=\"a042f65\" data-element_type=\"widget\" data-widget_type=\"heading.default\">\n\t\t\t\t<div class=\"elementor-widget-container\">\n\t\t\t\t\t<p class=\"elementor-heading-title elementor-size-default\">Welcome to my world!<\/p>\t\t\t\t<\/div>\n\t\t\t\t<\/div>\n\t\t\t\t<div class=\"elementor-element elementor-element-e910447 elementor-widget elementor-widget-heading\" data-id=\"e910447\" data-element_type=\"widget\" data-widget_type=\"heading.default\">\n\t\t\t\t<div class=\"elementor-widget-container\">\n\t\t\t\t\t<h1 class=\"elementor-heading-title elementor-size-default\">My name is Aur\u00e9lie, I am a professional celebrant.<\/h1>\t\t\t\t<\/div>\n\t\t\t\t<\/div>\n\t\t\t\t<div class=\"elementor-element elementor-element-8f36cb8 elementor-widget elementor-widget-text-editor\" data-id=\"8f36cb8\" data-element_type=\"widget\" data-widget_type=\"text-editor.default\">\n\t\t\t\t<div class=\"elementor-widget-container\">\n\t\t\t\t\t\t\t\t\t<p>This profession is not yet very well known in France. When I discovered it at the beginning of the 2010s, it was obvious to me, a revelation, because my whole career path seemed to lead me there.<\/p><p>Both a lover of words and a geek,<strong>I have a background in computational linguistics<\/strong>, during which I worked in the world of artificial intelligence, in a multilingual environment. This is why I enjoy <strong>writing unique ceremonies for<\/strong>, <strong>you in one or more languages<\/strong>.<\/p><p>An artist at heart, I practise and draw inspiration from theatre, music and dance. To me, sentences are melodies and I can spend hours contemplating beautiful lines or colour palettes, whether natural or architectural. When I design your ceremony, achieving harmony of the senses is one of my priorities as this contributes to its depth and emotional impact.<\/p>\t\t\t\t\t\t\t\t<\/div>\n\t\t\t\t<\/div>\n\t\t\t\t\t<\/div>\n\t\t<\/div>\n\t\t\t\t\t<\/div>\n\t\t<\/section>\n\t\t\t\t<section class=\"elementor-section elementor-top-section elementor-element elementor-element-a142901 elementor-section-full_width elementor-reverse-mobile elementor-section-height-default elementor-section-height-default\" data-id=\"a142901\" data-element_type=\"section\" data-settings=\"{&quot;background_background&quot;:&quot;classic&quot;}\">\n\t\t\t\t\t\t<div class=\"elementor-container elementor-column-gap-default\">\n\t\t\t\t\t<div class=\"elementor-column elementor-col-50 elementor-top-column elementor-element elementor-element-99d14e1\" data-id=\"99d14e1\" data-element_type=\"column\" data-settings=\"{&quot;background_background&quot;:&quot;classic&quot;}\">\n\t\t\t<div class=\"elementor-widget-wrap elementor-element-populated\">\n\t\t\t\t\t\t<div class=\"elementor-element elementor-element-3b9126d elementor-widget elementor-widget-text-editor\" data-id=\"3b9126d\" data-element_type=\"widget\" data-widget_type=\"text-editor.default\">\n\t\t\t\t<div class=\"elementor-widget-container\">\n\t\t\t\t\t\t\t\t\t<p>As a happy mother of two extra-ordinary teens, I have a life rich in discoveries, challenges, surprises and, most importantly,  laughter. Living with them has taught me both to let go and to understand that I wanted to put people at the centre of my priorities. I realised that I wanted to give something to others, to <strong>discover their stories<\/strong>, and to understand how life brings us together and intertwines our destinies. I like to understand how each story is part of the History that binds us all, to listen to the words you choose to tell me all this, to let myself be surprised by the happy coincidences that punctuate your lives.<\/p><p>In 2016, I left Paris (Versailles to be precise) to settle with my family in the beautiful city of Bordeaux. Since then, I have travelled its roads and rivers, between beaches, pine forests and vineyards. Having been adopted and won over by the Bordeaux region, I love helping people who choose it as their wedding venue to discover it.<\/p><p><strong>Accompanying you in the great moments of your life, giving them meaning and revealing their beauty, is for me a natural thing, a vocation.<\/strong><\/p>\t\t\t\t\t\t\t\t<\/div>\n\t\t\t\t<\/div>\n\t\t\t\t\t<\/div>\n\t\t<\/div>\n\t\t\t\t<div class=\"elementor-column elementor-col-50 elementor-top-column elementor-element elementor-element-2655b10\" data-id=\"2655b10\" data-element_type=\"column\" data-settings=\"{&quot;background_background&quot;:&quot;classic&quot;}\">\n\t\t\t<div class=\"elementor-widget-wrap elementor-element-populated\">\n\t\t\t\t\t\t<div class=\"elementor-element elementor-element-afa9571 elementor-widget elementor-widget-spacer\" data-id=\"afa9571\" data-element_type=\"widget\" data-widget_type=\"spacer.default\">\n\t\t\t\t<div class=\"elementor-widget-container\">\n\t\t\t\t\t\t\t<div class=\"elementor-spacer\">\n\t\t\t<div class=\"elementor-spacer-inner\"><\/div>\n\t\t<\/div>\n\t\t\t\t\t\t<\/div>\n\t\t\t\t<\/div>\n\t\t\t\t\t<\/div>\n\t\t<\/div>\n\t\t\t\t\t<\/div>\n\t\t<\/section>\n\t\t\t\t<section class=\"elementor-section elementor-top-section elementor-element elementor-element-cf138a1 elementor-section-boxed elementor-section-height-default elementor-section-height-default\" data-id=\"cf138a1\" data-element_type=\"section\" data-settings=\"{&quot;background_background&quot;:&quot;classic&quot;}\">\n\t\t\t\t\t\t<div class=\"elementor-container elementor-column-gap-default\">\n\t\t\t\t\t<div class=\"elementor-column elementor-col-100 elementor-top-column elementor-element elementor-element-19ff480\" data-id=\"19ff480\" data-element_type=\"column\">\n\t\t\t<div class=\"elementor-widget-wrap elementor-element-populated\">\n\t\t\t\t\t\t<div class=\"elementor-element elementor-element-9d96ba9 elementor-widget elementor-widget-heading\" data-id=\"9d96ba9\" data-element_type=\"widget\" data-widget_type=\"heading.default\">\n\t\t\t\t<div class=\"elementor-widget-container\">\n\t\t\t\t\t<p class=\"elementor-heading-title elementor-size-default\">\u2018The ceremony is not just words on the wedding day, it is an experience of life, an atmosphere, a canvas, a melody.\u2019<\/p>\t\t\t\t<\/div>\n\t\t\t\t<\/div>\n\t\t\t\t\t<\/div>\n\t\t<\/div>\n\t\t\t\t\t<\/div>\n\t\t<\/section>\n\t\t\t\t<section class=\"elementor-section elementor-top-section elementor-element elementor-element-63bc465 elementor-section-full_width elementor-section-height-default elementor-section-height-default\" data-id=\"63bc465\" data-element_type=\"section\" data-settings=\"{&quot;background_background&quot;:&quot;classic&quot;}\">\n\t\t\t\t\t\t<div class=\"elementor-container elementor-column-gap-default\">\n\t\t\t\t\t<div class=\"elementor-column elementor-col-50 elementor-top-column elementor-element elementor-element-c0cbb1b\" data-id=\"c0cbb1b\" data-element_type=\"column\" data-settings=\"{&quot;background_background&quot;:&quot;classic&quot;}\">\n\t\t\t<div class=\"elementor-widget-wrap elementor-element-populated\">\n\t\t\t\t\t\t<div class=\"elementor-element elementor-element-57e63de elementor-widget elementor-widget-spacer\" data-id=\"57e63de\" data-element_type=\"widget\" data-widget_type=\"spacer.default\">\n\t\t\t\t<div class=\"elementor-widget-container\">\n\t\t\t\t\t\t\t<div class=\"elementor-spacer\">\n\t\t\t<div class=\"elementor-spacer-inner\"><\/div>\n\t\t<\/div>\n\t\t\t\t\t\t<\/div>\n\t\t\t\t<\/div>\n\t\t\t\t\t<\/div>\n\t\t<\/div>\n\t\t\t\t<div class=\"elementor-column elementor-col-50 elementor-top-column elementor-element elementor-element-b086d44\" data-id=\"b086d44\" data-element_type=\"column\">\n\t\t\t<div class=\"elementor-widget-wrap elementor-element-populated\">\n\t\t\t\t\t\t<div class=\"elementor-element elementor-element-5f5d52d elementor-headline--style-highlight elementor-widget elementor-widget-animated-headline\" data-id=\"5f5d52d\" data-element_type=\"widget\" data-settings=\"{&quot;marker&quot;:&quot;underline&quot;,&quot;highlighted_text&quot;:&quot;&lt;span class=\\&quot;homebaseline-subtitle\\&quot;&gt;touche perso&lt;\\\/span&gt;&quot;,&quot;headline_style&quot;:&quot;highlight&quot;,&quot;highlight_animation_duration&quot;:1200}\" data-widget_type=\"animated-headline.default\">\n\t\t\t\t<div class=\"elementor-widget-container\">\n\t\t\t\t\t\t\t<h6 class=\"elementor-headline\">\n\t\t\t\t\t<span class=\"elementor-headline-plain-text elementor-headline-text-wrapper\">My personal<\/span>\n\t\t\t\t<span class=\"elementor-headline-dynamic-wrapper elementor-headline-text-wrapper\">\n\t\t\t\t\t<span class=\"elementor-headline-dynamic-text elementor-headline-text-active\"><span class=\"homebaseline-subtitle\">touch<\/span><\/span>\n\t\t\t\t<\/span>\n\t\t\t\t<\/h6>\n\t\t\t\t\t\t<\/div>\n\t\t\t\t<\/div>\n\t\t\t\t<div class=\"elementor-element elementor-element-faa6bc7 elementor-widget elementor-widget-text-editor\" data-id=\"faa6bc7\" data-element_type=\"widget\" data-widget_type=\"text-editor.default\">\n\t\t\t\t<div class=\"elementor-widget-container\">\n\t\t\t\t\t\t\t\t\t<p>I have an open and curious outlook on life.<\/p>\t\t\t\t\t\t\t\t<\/div>\n\t\t\t\t<\/div>\n\t\t\t\t<div class=\"elementor-element elementor-element-d260469 elementor-widget-divider--view-line elementor-widget elementor-widget-divider\" data-id=\"d260469\" data-element_type=\"widget\" data-widget_type=\"divider.default\">\n\t\t\t\t<div class=\"elementor-widget-container\">\n\t\t\t\t\t\t\t<div class=\"elementor-divider\">\n\t\t\t<span class=\"elementor-divider-separator\">\n\t\t\t\t\t\t<\/span>\n\t\t<\/div>\n\t\t\t\t\t\t<\/div>\n\t\t\t\t<\/div>\n\t\t\t\t<div class=\"elementor-element elementor-element-7f61b43 elementor-widget elementor-widget-text-editor\" data-id=\"7f61b43\" data-element_type=\"widget\" data-widget_type=\"text-editor.default\">\n\t\t\t\t<div class=\"elementor-widget-container\">\n\t\t\t\t\t\t\t\t\t<p>I am an optimist by nature (and I have a sense of humour!)<\/p>\t\t\t\t\t\t\t\t<\/div>\n\t\t\t\t<\/div>\n\t\t\t\t<div class=\"elementor-element elementor-element-3d900f6 elementor-widget-divider--view-line elementor-widget elementor-widget-divider\" data-id=\"3d900f6\" data-element_type=\"widget\" data-widget_type=\"divider.default\">\n\t\t\t\t<div class=\"elementor-widget-container\">\n\t\t\t\t\t\t\t<div class=\"elementor-divider\">\n\t\t\t<span class=\"elementor-divider-separator\">\n\t\t\t\t\t\t<\/span>\n\t\t<\/div>\n\t\t\t\t\t\t<\/div>\n\t\t\t\t<\/div>\n\t\t\t\t<div class=\"elementor-element elementor-element-eaff7d0 elementor-widget elementor-widget-text-editor\" data-id=\"eaff7d0\" data-element_type=\"widget\" data-widget_type=\"text-editor.default\">\n\t\t\t\t<div class=\"elementor-widget-container\">\n\t\t\t\t\t\t\t\t\t<p>I have extensive experience of weddings and staging them<\/p>\t\t\t\t\t\t\t\t<\/div>\n\t\t\t\t<\/div>\n\t\t\t\t<div class=\"elementor-element elementor-element-c017029 elementor-widget-divider--view-line elementor-widget elementor-widget-divider\" data-id=\"c017029\" data-element_type=\"widget\" data-widget_type=\"divider.default\">\n\t\t\t\t<div class=\"elementor-widget-container\">\n\t\t\t\t\t\t\t<div class=\"elementor-divider\">\n\t\t\t<span class=\"elementor-divider-separator\">\n\t\t\t\t\t\t<\/span>\n\t\t<\/div>\n\t\t\t\t\t\t<\/div>\n\t\t\t\t<\/div>\n\t\t\t\t<div class=\"elementor-element elementor-element-7422519 elementor-widget elementor-widget-text-editor\" data-id=\"7422519\" data-element_type=\"widget\" data-widget_type=\"text-editor.default\">\n\t\t\t\t<div class=\"elementor-widget-container\">\n\t\t\t\t\t\t\t\t\t<p>I am organised<\/p>\t\t\t\t\t\t\t\t<\/div>\n\t\t\t\t<\/div>\n\t\t\t\t<div class=\"elementor-element elementor-element-44376d9 elementor-widget-divider--view-line elementor-widget elementor-widget-divider\" data-id=\"44376d9\" data-element_type=\"widget\" data-widget_type=\"divider.default\">\n\t\t\t\t<div class=\"elementor-widget-container\">\n\t\t\t\t\t\t\t<div class=\"elementor-divider\">\n\t\t\t<span class=\"elementor-divider-separator\">\n\t\t\t\t\t\t<\/span>\n\t\t<\/div>\n\t\t\t\t\t\t<\/div>\n\t\t\t\t<\/div>\n\t\t\t\t<div class=\"elementor-element elementor-element-cf417bb elementor-widget elementor-widget-text-editor\" data-id=\"cf417bb\" data-element_type=\"widget\" data-widget_type=\"text-editor.default\">\n\t\t\t\t<div class=\"elementor-widget-container\">\n\t\t\t\t\t\t\t\t\t<p>I am comfortable working at multicultural and multilingual weddings.<\/p>\t\t\t\t\t\t\t\t<\/div>\n\t\t\t\t<\/div>\n\t\t\t\t\t<\/div>\n\t\t<\/div>\n\t\t\t\t\t<\/div>\n\t\t<\/section>\n\t\t\t\t<\/div>","protected":false},"excerpt":{"rendered":"<p>Bienvenue dans mon monde ! Moi c&rsquo;est Aur\u00e9lie, je suis Officiante de C\u00e9r\u00e9monie. Ce m\u00e9tier n\u2019est pas encore tr\u00e8s connu en France. Lorsque je l\u2019ai d\u00e9couvert au d\u00e9but des ann\u00e9es 2010, cela a \u00e9t\u00e9 pour moi une \u00e9vidence, une r\u00e9v\u00e9lation, car tout mon parcours semble m\u2019y conduire. \u00c0 la fois amoureuse des mots et geek, [&hellip;]<\/p>\n","protected":false},"author":1,"featured_media":0,"parent":0,"menu_order":0,"comment_status":"closed","ping_status":"closed","template":"elementor_header_footer","meta":{"footnotes":""},"class_list":["post-3513","page","type-page","status-publish","hentry"],"yoast_head":"<!-- This site is optimized with the Yoast SEO plugin v27.1.1 - https:\/\/yoast.com\/product\/yoast-seo-wordpress\/ -->\n<title>\u00c0 propos - Aur\u00e9lie Cousseau - Officiante de c\u00e9r\u00e9monies \u00e0 Bordeaux et dans le Sud-Ouest<\/title>\n<meta name=\"robots\" content=\"index, follow, max-snippet:-1, max-image-preview:large, max-video-preview:-1\" \/>\n<link rel=\"canonical\" href=\"https:\/\/www.aureliecousseau.com\/en\/a-propos\/\" \/>\n<meta property=\"og:locale\" content=\"en_US\" \/>\n<meta property=\"og:type\" content=\"article\" \/>\n<meta property=\"og:title\" content=\"\u00c0 propos - Aur\u00e9lie Cousseau - Officiante de c\u00e9r\u00e9monies \u00e0 Bordeaux et dans le Sud-Ouest\" \/>\n<meta property=\"og:description\" content=\"Bienvenue dans mon monde ! Moi c&rsquo;est Aur\u00e9lie, je suis Officiante de C\u00e9r\u00e9monie. Ce m\u00e9tier n\u2019est pas encore tr\u00e8s connu en France. Lorsque je l\u2019ai d\u00e9couvert au d\u00e9but des ann\u00e9es 2010, cela a \u00e9t\u00e9 pour moi une \u00e9vidence, une r\u00e9v\u00e9lation, car tout mon parcours semble m\u2019y conduire. \u00c0 la fois amoureuse des mots et geek, [&hellip;]\" \/>\n<meta property=\"og:url\" content=\"https:\/\/www.aureliecousseau.com\/en\/a-propos\/\" \/>\n<meta property=\"og:site_name\" content=\"Aur\u00e9lie Cousseau - Officiante de c\u00e9r\u00e9monies \u00e0 Bordeaux et dans le Sud-Ouest\" \/>\n<meta property=\"article:publisher\" content=\"https:\/\/www.facebook.com\/aurelie.cousseau.ceremonie\/\" \/>\n<meta property=\"article:modified_time\" content=\"2024-06-17T08:53:24+00:00\" \/>\n<meta name=\"twitter:card\" content=\"summary_large_image\" \/>\n<meta name=\"twitter:label1\" content=\"Est. reading time\" \/>\n\t<meta name=\"twitter:data1\" content=\"3 minutes\" \/>\n<script type=\"application\/ld+json\" class=\"yoast-schema-graph\">{\"@context\":\"https:\/\/schema.org\",\"@graph\":[{\"@type\":\"WebPage\",\"@id\":\"https:\/\/www.aureliecousseau.com\/a-propos\/\",\"url\":\"https:\/\/www.aureliecousseau.com\/a-propos\/\",\"name\":\"\u00c0 propos - Aur\u00e9lie Cousseau - Officiante de c\u00e9r\u00e9monies \u00e0 Bordeaux et dans le Sud-Ouest\",\"isPartOf\":{\"@id\":\"https:\/\/www.aureliecousseau.com\/#website\"},\"datePublished\":\"2021-10-04T17:51:18+00:00\",\"dateModified\":\"2024-06-17T08:53:24+00:00\",\"inLanguage\":\"en-US\",\"potentialAction\":[{\"@type\":\"ReadAction\",\"target\":[\"https:\/\/www.aureliecousseau.com\/a-propos\/\"]}]},{\"@type\":\"WebSite\",\"@id\":\"https:\/\/www.aureliecousseau.com\/#website\",\"url\":\"https:\/\/www.aureliecousseau.com\/\",\"name\":\"Aur\u00e9lie Cousseau - Officiante de c\u00e9r\u00e9monies \u00e0 Bordeaux et dans le Sud-Ouest\",\"description\":\"C\u00e9r\u00e9monie la\u00efque \u00e0 Bordeaux et dans le Sud-Ouest\",\"publisher\":{\"@id\":\"https:\/\/www.aureliecousseau.com\/#organization\"},\"potentialAction\":[{\"@type\":\"SearchAction\",\"target\":{\"@type\":\"EntryPoint\",\"urlTemplate\":\"https:\/\/www.aureliecousseau.com\/?s={search_term_string}\"},\"query-input\":{\"@type\":\"PropertyValueSpecification\",\"valueRequired\":true,\"valueName\":\"search_term_string\"}}],\"inLanguage\":\"en-US\"},{\"@type\":\"Organization\",\"@id\":\"https:\/\/www.aureliecousseau.com\/#organization\",\"name\":\"Aur\u00e9lie Cousseau - Officiante de c\u00e9r\u00e9monies \u00e0 Bordeaux et dans le Sud-Ouest\",\"url\":\"https:\/\/www.aureliecousseau.com\/\",\"logo\":{\"@type\":\"ImageObject\",\"inLanguage\":\"en-US\",\"@id\":\"https:\/\/www.aureliecousseau.com\/#\/schema\/logo\/image\/\",\"url\":\"https:\/\/www.aureliecousseau.com\/wp-content\/uploads\/2021\/09\/Aurelie-Cousseau_Logo-_Couleur.svg\",\"contentUrl\":\"https:\/\/www.aureliecousseau.com\/wp-content\/uploads\/2021\/09\/Aurelie-Cousseau_Logo-_Couleur.svg\",\"width\":1000,\"height\":616,\"caption\":\"Aur\u00e9lie Cousseau - Officiante de c\u00e9r\u00e9monies \u00e0 Bordeaux et dans le Sud-Ouest\"},\"image\":{\"@id\":\"https:\/\/www.aureliecousseau.com\/#\/schema\/logo\/image\/\"},\"sameAs\":[\"https:\/\/www.facebook.com\/aurelie.cousseau.ceremonie\/\",\"https:\/\/www.linkedin.com\/in\/aur\u00e9lie-cousseau-a997553\/?trk=nav_responsive_tab_profile_pic\",\"https:\/\/www.pinterest.fr\/aurelieceremony\/\"]}]}<\/script>\n<!-- \/ Yoast SEO plugin. -->","yoast_head_json":{"title":"\u00c0 propos - Aur\u00e9lie Cousseau - Officiante de c\u00e9r\u00e9monies \u00e0 Bordeaux et dans le Sud-Ouest","robots":{"index":"index","follow":"follow","max-snippet":"max-snippet:-1","max-image-preview":"max-image-preview:large","max-video-preview":"max-video-preview:-1"},"canonical":"https:\/\/www.aureliecousseau.com\/en\/a-propos\/","og_locale":"en_US","og_type":"article","og_title":"\u00c0 propos - Aur\u00e9lie Cousseau - Officiante de c\u00e9r\u00e9monies \u00e0 Bordeaux et dans le Sud-Ouest","og_description":"Bienvenue dans mon monde ! Moi c&rsquo;est Aur\u00e9lie, je suis Officiante de C\u00e9r\u00e9monie. Ce m\u00e9tier n\u2019est pas encore tr\u00e8s connu en France. Lorsque je l\u2019ai d\u00e9couvert au d\u00e9but des ann\u00e9es 2010, cela a \u00e9t\u00e9 pour moi une \u00e9vidence, une r\u00e9v\u00e9lation, car tout mon parcours semble m\u2019y conduire. \u00c0 la fois amoureuse des mots et geek, [&hellip;]","og_url":"https:\/\/www.aureliecousseau.com\/en\/a-propos\/","og_site_name":"Aur\u00e9lie Cousseau - Officiante de c\u00e9r\u00e9monies \u00e0 Bordeaux et dans le Sud-Ouest","article_publisher":"https:\/\/www.facebook.com\/aurelie.cousseau.ceremonie\/","article_modified_time":"2024-06-17T08:53:24+00:00","twitter_card":"summary_large_image","twitter_misc":{"Est. reading time":"3 minutes"},"schema":{"@context":"https:\/\/schema.org","@graph":[{"@type":"WebPage","@id":"https:\/\/www.aureliecousseau.com\/a-propos\/","url":"https:\/\/www.aureliecousseau.com\/a-propos\/","name":"\u00c0 propos - Aur\u00e9lie Cousseau - Officiante de c\u00e9r\u00e9monies \u00e0 Bordeaux et dans le Sud-Ouest","isPartOf":{"@id":"https:\/\/www.aureliecousseau.com\/#website"},"datePublished":"2021-10-04T17:51:18+00:00","dateModified":"2024-06-17T08:53:24+00:00","inLanguage":"en-US","potentialAction":[{"@type":"ReadAction","target":["https:\/\/www.aureliecousseau.com\/a-propos\/"]}]},{"@type":"WebSite","@id":"https:\/\/www.aureliecousseau.com\/#website","url":"https:\/\/www.aureliecousseau.com\/","name":"Aur\u00e9lie Cousseau - Officiante de c\u00e9r\u00e9monies \u00e0 Bordeaux et dans le Sud-Ouest","description":"C\u00e9r\u00e9monie la\u00efque \u00e0 Bordeaux et dans le Sud-Ouest","publisher":{"@id":"https:\/\/www.aureliecousseau.com\/#organization"},"potentialAction":[{"@type":"SearchAction","target":{"@type":"EntryPoint","urlTemplate":"https:\/\/www.aureliecousseau.com\/?s={search_term_string}"},"query-input":{"@type":"PropertyValueSpecification","valueRequired":true,"valueName":"search_term_string"}}],"inLanguage":"en-US"},{"@type":"Organization","@id":"https:\/\/www.aureliecousseau.com\/#organization","name":"Aur\u00e9lie Cousseau - Officiante de c\u00e9r\u00e9monies \u00e0 Bordeaux et dans le Sud-Ouest","url":"https:\/\/www.aureliecousseau.com\/","logo":{"@type":"ImageObject","inLanguage":"en-US","@id":"https:\/\/www.aureliecousseau.com\/#\/schema\/logo\/image\/","url":"https:\/\/www.aureliecousseau.com\/wp-content\/uploads\/2021\/09\/Aurelie-Cousseau_Logo-_Couleur.svg","contentUrl":"https:\/\/www.aureliecousseau.com\/wp-content\/uploads\/2021\/09\/Aurelie-Cousseau_Logo-_Couleur.svg","width":1000,"height":616,"caption":"Aur\u00e9lie Cousseau - Officiante de c\u00e9r\u00e9monies \u00e0 Bordeaux et dans le Sud-Ouest"},"image":{"@id":"https:\/\/www.aureliecousseau.com\/#\/schema\/logo\/image\/"},"sameAs":["https:\/\/www.facebook.com\/aurelie.cousseau.ceremonie\/","https:\/\/www.linkedin.com\/in\/aur\u00e9lie-cousseau-a997553\/?trk=nav_responsive_tab_profile_pic","https:\/\/www.pinterest.fr\/aurelieceremony\/"]}]}},"_links":{"self":[{"href":"https:\/\/www.aureliecousseau.com\/en\/wp-json\/wp\/v2\/pages\/3513","targetHints":{"allow":["GET"]}}],"collection":[{"href":"https:\/\/www.aureliecousseau.com\/en\/wp-json\/wp\/v2\/pages"}],"about":[{"href":"https:\/\/www.aureliecousseau.com\/en\/wp-json\/wp\/v2\/types\/page"}],"author":[{"embeddable":true,"href":"https:\/\/www.aureliecousseau.com\/en\/wp-json\/wp\/v2\/users\/1"}],"replies":[{"embeddable":true,"href":"https:\/\/www.aureliecousseau.com\/en\/wp-json\/wp\/v2\/comments?post=3513"}],"version-history":[{"count":193,"href":"https:\/\/www.aureliecousseau.com\/en\/wp-json\/wp\/v2\/pages\/3513\/revisions"}],"predecessor-version":[{"id":5128,"href":"https:\/\/www.aureliecousseau.com\/en\/wp-json\/wp\/v2\/pages\/3513\/revisions\/5128"}],"wp:attachment":[{"href":"https:\/\/www.aureliecousseau.com\/en\/wp-json\/wp\/v2\/media?parent=3513"}],"curies":[{"name":"wp","href":"https:\/\/api.w.org\/{rel}","templated":true}]}}