{"id":3563,"date":"2021-10-04T20:17:34","date_gmt":"2021-10-04T18:17:34","guid":{"rendered":"https:\/\/www.aureliecousseau.com\/?page_id=3563"},"modified":"2024-06-17T11:08:55","modified_gmt":"2024-06-17T09:08:55","slug":"conseils-pour-votre-ceremonie","status":"publish","type":"page","link":"https:\/\/www.aureliecousseau.com\/en\/prestations\/conseils-pour-votre-ceremonie\/","title":{"rendered":"Guidance for your ceremony"},"content":{"rendered":"<div data-elementor-type=\"wp-page\" data-elementor-id=\"3563\" class=\"elementor elementor-3563\" data-elementor-post-type=\"page\">\n\t\t\t\t\t\t<section class=\"elementor-section elementor-top-section elementor-element elementor-element-d2e38fb elementor-section-height-min-height elementor-section-boxed elementor-section-height-default elementor-section-items-middle\" data-id=\"d2e38fb\" data-element_type=\"section\" data-e-type=\"section\" data-settings=\"{&quot;background_background&quot;:&quot;classic&quot;}\">\n\t\t\t\t\t\t<div class=\"elementor-container elementor-column-gap-default\">\n\t\t\t\t\t<div class=\"elementor-column elementor-col-100 elementor-top-column elementor-element elementor-element-59e0b21\" data-id=\"59e0b21\" data-element_type=\"column\" data-e-type=\"column\">\n\t\t\t<div class=\"elementor-widget-wrap\">\n\t\t\t\t\t\t\t<\/div>\n\t\t<\/div>\n\t\t\t\t\t<\/div>\n\t\t<\/section>\n\t\t\t\t<section class=\"elementor-section elementor-top-section elementor-element elementor-element-77ac42f elementor-section-boxed elementor-section-height-default elementor-section-height-default\" data-id=\"77ac42f\" data-element_type=\"section\" data-e-type=\"section\" data-settings=\"{&quot;background_background&quot;:&quot;classic&quot;}\">\n\t\t\t\t\t\t<div class=\"elementor-container elementor-column-gap-default\">\n\t\t\t\t\t<div class=\"elementor-column elementor-col-100 elementor-top-column elementor-element elementor-element-8d94d95\" data-id=\"8d94d95\" data-element_type=\"column\" data-e-type=\"column\">\n\t\t\t<div class=\"elementor-widget-wrap elementor-element-populated\">\n\t\t\t\t\t\t<div class=\"elementor-element elementor-element-901405e elementor-widget elementor-widget-text-editor\" data-id=\"901405e\" data-element_type=\"widget\" data-e-type=\"widget\" data-widget_type=\"text-editor.default\">\n\t\t\t\t<div class=\"elementor-widget-container\">\n\t\t\t\t\t\t\t\t\tDo you need a framework or a professional review of your ceremony? I offer a service designed to shine a spotlight on your ceremony, enhancing it with a touch of brilliance.\t\t\t\t\t\t\t\t<\/div>\n\t\t\t\t<\/div>\n\t\t\t\t\t<\/div>\n\t\t<\/div>\n\t\t\t\t\t<\/div>\n\t\t<\/section>\n\t\t\t\t<section class=\"elementor-section elementor-top-section elementor-element elementor-element-eb5b818 elementor-section-full_width elementor-section-height-default elementor-section-height-default\" data-id=\"eb5b818\" data-element_type=\"section\" data-e-type=\"section\" data-settings=\"{&quot;background_background&quot;:&quot;classic&quot;}\">\n\t\t\t\t\t\t<div class=\"elementor-container elementor-column-gap-default\">\n\t\t\t\t\t<div class=\"elementor-column elementor-col-50 elementor-top-column elementor-element elementor-element-3bb6272\" data-id=\"3bb6272\" data-element_type=\"column\" data-e-type=\"column\" data-settings=\"{&quot;background_background&quot;:&quot;classic&quot;}\">\n\t\t\t<div class=\"elementor-widget-wrap elementor-element-populated\">\n\t\t\t\t\t\t<div class=\"elementor-element elementor-element-d4c91a0 elementor-widget elementor-widget-spacer\" data-id=\"d4c91a0\" data-element_type=\"widget\" data-e-type=\"widget\" data-widget_type=\"spacer.default\">\n\t\t\t\t<div class=\"elementor-widget-container\">\n\t\t\t\t\t\t\t<div class=\"elementor-spacer\">\n\t\t\t<div class=\"elementor-spacer-inner\"><\/div>\n\t\t<\/div>\n\t\t\t\t\t\t<\/div>\n\t\t\t\t<\/div>\n\t\t\t\t\t<\/div>\n\t\t<\/div>\n\t\t\t\t<div class=\"elementor-column elementor-col-50 elementor-top-column elementor-element elementor-element-cd95084\" data-id=\"cd95084\" data-element_type=\"column\" data-e-type=\"column\">\n\t\t\t<div class=\"elementor-widget-wrap elementor-element-populated\">\n\t\t\t\t\t\t<div class=\"elementor-element elementor-element-f2aa1dd elementor-widget elementor-widget-heading\" data-id=\"f2aa1dd\" data-element_type=\"widget\" data-e-type=\"widget\" data-widget_type=\"heading.default\">\n\t\t\t\t<div class=\"elementor-widget-container\">\n\t\t\t\t\t<h5 class=\"elementor-heading-title elementor-size-default\">This service can be provided at any stage of your preparations, depending on your needs.<\/h5>\t\t\t\t<\/div>\n\t\t\t\t<\/div>\n\t\t\t\t<div class=\"elementor-element elementor-element-2e67c42 pageconseils-preparatifs elementor-widget elementor-widget-text-editor\" data-id=\"2e67c42\" data-element_type=\"widget\" data-e-type=\"widget\" data-widget_type=\"text-editor.default\">\n\t\t\t\t<div class=\"elementor-widget-container\">\n\t\t\t\t\t\t\t\t\t<p>For example:<\/p><ul><li>At the beginning of your preparations: I will be there <strong>to help you get started<\/strong> by creating <strong>a structure for your ceremony<\/strong>, a roadmap so that you can then continue independently.<\/li><li>During your preparations, to solve a specific problem: choosing and\/or <strong>creating your ritual(s)<\/strong>, <strong>writing your vows,<\/strong>managing <strong>a multilingual ceremony, etc<\/strong>\u2026<\/li><li>At the end of your preparations, <strong>I will review and refine the text<\/strong> prepared by you or your loved ones, sharing my tips to bring the words to life and captivate your audience with emotion.<\/li><\/ul>\t\t\t\t\t\t\t\t<\/div>\n\t\t\t\t<\/div>\n\t\t\t\t\t<\/div>\n\t\t<\/div>\n\t\t\t\t\t<\/div>\n\t\t<\/section>\n\t\t\t\t<section class=\"elementor-section elementor-top-section elementor-element elementor-element-fd5f25c elementor-reverse-mobile elementor-section-boxed elementor-section-height-default elementor-section-height-default\" data-id=\"fd5f25c\" data-element_type=\"section\" data-e-type=\"section\" data-settings=\"{&quot;background_background&quot;:&quot;classic&quot;}\">\n\t\t\t\t\t\t<div class=\"elementor-container elementor-column-gap-default\">\n\t\t\t\t\t<div class=\"elementor-column elementor-col-100 elementor-top-column elementor-element elementor-element-39bc391\" data-id=\"39bc391\" data-element_type=\"column\" data-e-type=\"column\">\n\t\t\t<div class=\"elementor-widget-wrap elementor-element-populated\">\n\t\t\t\t\t\t<div class=\"elementor-element elementor-element-514efd2 elementor-widget elementor-widget-heading\" data-id=\"514efd2\" data-element_type=\"widget\" data-e-type=\"widget\" data-widget_type=\"heading.default\">\n\t\t\t\t<div class=\"elementor-widget-container\">\n\t\t\t\t\t<h3 class=\"elementor-heading-title elementor-size-default\">This service includes :<\/h3>\t\t\t\t<\/div>\n\t\t\t\t<\/div>\n\t\t\t\t<div class=\"elementor-element elementor-element-6ab9920 elementor-widget elementor-widget-text-editor\" data-id=\"6ab9920\" data-element_type=\"widget\" data-e-type=\"widget\" data-widget_type=\"text-editor.default\">\n\t\t\t\t<div class=\"elementor-widget-container\">\n\t\t\t\t\t\t\t\t\t<p>01. A meeting with the future bride and groom (and\/or the person who will officiate) to ask your questions and submit your work at any stage of the process.<\/p>\t\t\t\t\t\t\t\t<\/div>\n\t\t\t\t<\/div>\n\t\t\t\t<div class=\"elementor-element elementor-element-4ff412e elementor-widget-divider--view-line elementor-widget elementor-widget-divider\" data-id=\"4ff412e\" data-element_type=\"widget\" data-e-type=\"widget\" data-widget_type=\"divider.default\">\n\t\t\t\t<div class=\"elementor-widget-container\">\n\t\t\t\t\t\t\t<div class=\"elementor-divider\">\n\t\t\t<span class=\"elementor-divider-separator\">\n\t\t\t\t\t\t<\/span>\n\t\t<\/div>\n\t\t\t\t\t\t<\/div>\n\t\t\t\t<\/div>\n\t\t\t\t<div class=\"elementor-element elementor-element-281a841 elementor-widget elementor-widget-text-editor\" data-id=\"281a841\" data-element_type=\"widget\" data-e-type=\"widget\" data-widget_type=\"text-editor.default\">\n\t\t\t\t<div class=\"elementor-widget-container\">\n\t\t\t\t\t\t\t\t\t02. A report on the meeting, so that you have all the information you need to continue.\t\t\t\t\t\t\t\t<\/div>\n\t\t\t\t<\/div>\n\t\t\t\t<div class=\"elementor-element elementor-element-944d0ff elementor-widget-divider--view-line elementor-widget elementor-widget-divider\" data-id=\"944d0ff\" data-element_type=\"widget\" data-e-type=\"widget\" data-widget_type=\"divider.default\">\n\t\t\t\t<div class=\"elementor-widget-container\">\n\t\t\t\t\t\t\t<div class=\"elementor-divider\">\n\t\t\t<span class=\"elementor-divider-separator\">\n\t\t\t\t\t\t<\/span>\n\t\t<\/div>\n\t\t\t\t\t\t<\/div>\n\t\t\t\t<\/div>\n\t\t\t\t<div class=\"elementor-element elementor-element-ae0ad24 elementor-widget elementor-widget-heading\" data-id=\"ae0ad24\" data-element_type=\"widget\" data-e-type=\"widget\" data-widget_type=\"heading.default\">\n\t\t\t\t<div class=\"elementor-widget-container\">\n\t\t\t\t\t<p class=\"elementor-heading-title elementor-size-default\">Rates: from \u20ac400<\/p>\t\t\t\t<\/div>\n\t\t\t\t<\/div>\n\t\t\t\t\t<\/div>\n\t\t<\/div>\n\t\t\t\t\t<\/div>\n\t\t<\/section>\n\t\t\t\t<section class=\"elementor-section elementor-top-section elementor-element elementor-element-e12257e elementor-section-full_width elementor-reverse-mobile elementor-section-height-default elementor-section-height-default\" data-id=\"e12257e\" data-element_type=\"section\" data-e-type=\"section\" data-settings=\"{&quot;background_background&quot;:&quot;classic&quot;}\">\n\t\t\t\t\t\t<div class=\"elementor-container elementor-column-gap-default\">\n\t\t\t\t\t<div class=\"elementor-column elementor-col-50 elementor-top-column elementor-element elementor-element-05ad9e9\" data-id=\"05ad9e9\" data-element_type=\"column\" data-e-type=\"column\">\n\t\t\t<div class=\"elementor-widget-wrap elementor-element-populated\">\n\t\t\t\t\t\t<div class=\"elementor-element elementor-element-f38c62a elementor-widget elementor-widget-heading\" data-id=\"f38c62a\" data-element_type=\"widget\" data-e-type=\"widget\" data-widget_type=\"heading.default\">\n\t\t\t\t<div class=\"elementor-widget-container\">\n\t\t\t\t\t<h3 class=\"elementor-heading-title elementor-size-default\">Who I am<\/h3>\t\t\t\t<\/div>\n\t\t\t\t<\/div>\n\t\t\t\t<div class=\"elementor-element elementor-element-86e50ee elementor-widget elementor-widget-text-editor\" data-id=\"86e50ee\" data-element_type=\"widget\" data-e-type=\"widget\" data-widget_type=\"text-editor.default\">\n\t\t\t\t<div class=\"elementor-widget-container\">\n\t\t\t\t\t\t\t\t\t<p>I'm Aur\u00e9lie Cousseau, Wedding Celebrant.<\/p><p>My passion is to guide you through life\u2019s most meaningful moments: <strong>weddings<\/strong> of course, but also <strong>pregrancy<\/strong>, <strong>birth<\/strong>, the creation of a family, <strong>vows renewals<\/strong>, <strong>elopement ceremony<\/strong>\u2026<\/p><p>Every milestone deserves to be celebrated in a way that feels magical and unforgettable\u2014for you and your loved ones. With a personalized and heartfelt approach, I offer a range of services tailored to your needs:<\/p><ul><li>A fully bespoke ceremony crafted and led by me.<\/li><li>Guidance and support for your chosen officiant.<\/li><li>Expert advice to design your perfect ceremony.<\/li><li>An intimate elopement ceremony for just the two of you. \n\n\nReady to turn your special moments into lasting memories? Let\u2019s create beautiful moments together!<\/li><\/ul>\t\t\t\t\t\t\t\t<\/div>\n\t\t\t\t<\/div>\n\t\t\t\t<div class=\"elementor-element elementor-element-1ff104d elementor-align-left elementor-widget elementor-widget-button\" data-id=\"1ff104d\" data-element_type=\"widget\" data-e-type=\"widget\" data-widget_type=\"button.default\">\n\t\t\t\t<div class=\"elementor-widget-container\">\n\t\t\t\t\t\t\t\t\t<div class=\"elementor-button-wrapper\">\n\t\t\t\t\t<a class=\"elementor-button elementor-button-link elementor-size-sm\" href=\"https:\/\/www.aureliecousseau.com\/en\/contact\/\">\n\t\t\t\t\t\t<span class=\"elementor-button-content-wrapper\">\n\t\t\t\t\t\t\t\t\t<span class=\"elementor-button-text\">Contact me!<\/span>\n\t\t\t\t\t<\/span>\n\t\t\t\t\t<\/a>\n\t\t\t\t<\/div>\n\t\t\t\t\t\t\t\t<\/div>\n\t\t\t\t<\/div>\n\t\t\t\t\t<\/div>\n\t\t<\/div>\n\t\t\t\t<div class=\"elementor-column elementor-col-50 elementor-top-column elementor-element elementor-element-e86fd73\" data-id=\"e86fd73\" data-element_type=\"column\" data-e-type=\"column\" data-settings=\"{&quot;background_background&quot;:&quot;classic&quot;}\">\n\t\t\t<div class=\"elementor-widget-wrap elementor-element-populated\">\n\t\t\t\t\t\t<div class=\"elementor-element elementor-element-a492a2f elementor-widget elementor-widget-spacer\" data-id=\"a492a2f\" data-element_type=\"widget\" data-e-type=\"widget\" data-widget_type=\"spacer.default\">\n\t\t\t\t<div class=\"elementor-widget-container\">\n\t\t\t\t\t\t\t<div class=\"elementor-spacer\">\n\t\t\t<div class=\"elementor-spacer-inner\"><\/div>\n\t\t<\/div>\n\t\t\t\t\t\t<\/div>\n\t\t\t\t<\/div>\n\t\t\t\t\t<\/div>\n\t\t<\/div>\n\t\t\t\t\t<\/div>\n\t\t<\/section>\n\t\t\t\t<\/div>","protected":false},"excerpt":{"rendered":"<p>Vous avez besoin d&rsquo;un cadre et\/ou de faire v\u00e9rifier votre c\u00e9r\u00e9monie par un professionnel? Je propose une formule qui met un coup de projecteur sur votre c\u00e9r\u00e9monie et me permet de lui donner de l&rsquo;\u00e9clat. Cette prestation peut intervenir \u00e0 n\u2019importe quel \u00e9tape de vos pr\u00e9paratifs, en fonction de vos besoins. Par exemple\u00a0: Au d\u00e9but [&hellip;]<\/p>\n","protected":false},"author":1,"featured_media":0,"parent":2438,"menu_order":0,"comment_status":"closed","ping_status":"closed","template":"elementor_header_footer","meta":{"footnotes":""},"class_list":["post-3563","page","type-page","status-publish","hentry"],"yoast_head":"<!-- This site is optimized with the Yoast SEO plugin v27.5 - https:\/\/yoast.com\/product\/yoast-seo-wordpress\/ -->\n<title>Conseils pour votre c\u00e9r\u00e9monie - Aur\u00e9lie Cousseau - Officiante de c\u00e9r\u00e9monies \u00e0 Bordeaux et dans le Sud-Ouest<\/title>\n<meta name=\"robots\" content=\"index, follow, max-snippet:-1, max-image-preview:large, max-video-preview:-1\" \/>\n<link rel=\"canonical\" href=\"https:\/\/www.aureliecousseau.com\/en\/prestations\/conseils-pour-votre-ceremonie\/\" \/>\n<meta property=\"og:locale\" content=\"en_US\" \/>\n<meta property=\"og:type\" content=\"article\" \/>\n<meta property=\"og:title\" content=\"Conseils pour votre c\u00e9r\u00e9monie - Aur\u00e9lie Cousseau - Officiante de c\u00e9r\u00e9monies \u00e0 Bordeaux et dans le Sud-Ouest\" \/>\n<meta property=\"og:description\" content=\"Vous avez besoin d&rsquo;un cadre et\/ou de faire v\u00e9rifier votre c\u00e9r\u00e9monie par un professionnel? Je propose une formule qui met un coup de projecteur sur votre c\u00e9r\u00e9monie et me permet de lui donner de l&rsquo;\u00e9clat. Cette prestation peut intervenir \u00e0 n\u2019importe quel \u00e9tape de vos pr\u00e9paratifs, en fonction de vos besoins. Par exemple\u00a0: Au d\u00e9but [&hellip;]\" \/>\n<meta property=\"og:url\" content=\"https:\/\/www.aureliecousseau.com\/en\/prestations\/conseils-pour-votre-ceremonie\/\" \/>\n<meta property=\"og:site_name\" content=\"Aur\u00e9lie Cousseau - Officiante de c\u00e9r\u00e9monies \u00e0 Bordeaux et dans le Sud-Ouest\" \/>\n<meta property=\"article:publisher\" content=\"https:\/\/www.facebook.com\/aurelie.cousseau.ceremonie\/\" \/>\n<meta property=\"article:modified_time\" content=\"2024-06-17T09:08:55+00:00\" \/>\n<meta name=\"twitter:card\" content=\"summary_large_image\" \/>\n<meta name=\"twitter:label1\" content=\"Est. reading time\" \/>\n\t<meta name=\"twitter:data1\" content=\"2 minutes\" \/>\n<script type=\"application\/ld+json\" class=\"yoast-schema-graph\">{\"@context\":\"https:\\\/\\\/schema.org\",\"@graph\":[{\"@type\":\"WebPage\",\"@id\":\"https:\\\/\\\/www.aureliecousseau.com\\\/prestations\\\/conseils-pour-votre-ceremonie\\\/\",\"url\":\"https:\\\/\\\/www.aureliecousseau.com\\\/prestations\\\/conseils-pour-votre-ceremonie\\\/\",\"name\":\"Conseils pour votre c\u00e9r\u00e9monie - Aur\u00e9lie Cousseau - Officiante de c\u00e9r\u00e9monies \u00e0 Bordeaux et dans le Sud-Ouest\",\"isPartOf\":{\"@id\":\"https:\\\/\\\/www.aureliecousseau.com\\\/#website\"},\"datePublished\":\"2021-10-04T18:17:34+00:00\",\"dateModified\":\"2024-06-17T09:08:55+00:00\",\"breadcrumb\":{\"@id\":\"https:\\\/\\\/www.aureliecousseau.com\\\/prestations\\\/conseils-pour-votre-ceremonie\\\/#breadcrumb\"},\"inLanguage\":\"en-US\",\"potentialAction\":[{\"@type\":\"ReadAction\",\"target\":[\"https:\\\/\\\/www.aureliecousseau.com\\\/prestations\\\/conseils-pour-votre-ceremonie\\\/\"]}]},{\"@type\":\"BreadcrumbList\",\"@id\":\"https:\\\/\\\/www.aureliecousseau.com\\\/prestations\\\/conseils-pour-votre-ceremonie\\\/#breadcrumb\",\"itemListElement\":[{\"@type\":\"ListItem\",\"position\":1,\"name\":\"Prestations\",\"item\":\"https:\\\/\\\/www.aureliecousseau.com\\\/prestations\\\/\"},{\"@type\":\"ListItem\",\"position\":2,\"name\":\"Conseils pour votre c\u00e9r\u00e9monie\"}]},{\"@type\":\"WebSite\",\"@id\":\"https:\\\/\\\/www.aureliecousseau.com\\\/#website\",\"url\":\"https:\\\/\\\/www.aureliecousseau.com\\\/\",\"name\":\"Aur\u00e9lie Cousseau - Officiante de c\u00e9r\u00e9monies \u00e0 Bordeaux et dans le Sud-Ouest\",\"description\":\"C\u00e9r\u00e9monie la\u00efque \u00e0 Bordeaux et dans le Sud-Ouest\",\"publisher\":{\"@id\":\"https:\\\/\\\/www.aureliecousseau.com\\\/#organization\"},\"potentialAction\":[{\"@type\":\"SearchAction\",\"target\":{\"@type\":\"EntryPoint\",\"urlTemplate\":\"https:\\\/\\\/www.aureliecousseau.com\\\/?s={search_term_string}\"},\"query-input\":{\"@type\":\"PropertyValueSpecification\",\"valueRequired\":true,\"valueName\":\"search_term_string\"}}],\"inLanguage\":\"en-US\"},{\"@type\":\"Organization\",\"@id\":\"https:\\\/\\\/www.aureliecousseau.com\\\/#organization\",\"name\":\"Aur\u00e9lie Cousseau - Officiante de c\u00e9r\u00e9monies \u00e0 Bordeaux et dans le Sud-Ouest\",\"url\":\"https:\\\/\\\/www.aureliecousseau.com\\\/\",\"logo\":{\"@type\":\"ImageObject\",\"inLanguage\":\"en-US\",\"@id\":\"https:\\\/\\\/www.aureliecousseau.com\\\/#\\\/schema\\\/logo\\\/image\\\/\",\"url\":\"https:\\\/\\\/www.aureliecousseau.com\\\/wp-content\\\/uploads\\\/2021\\\/09\\\/Aurelie-Cousseau_Logo-_Couleur.svg\",\"contentUrl\":\"https:\\\/\\\/www.aureliecousseau.com\\\/wp-content\\\/uploads\\\/2021\\\/09\\\/Aurelie-Cousseau_Logo-_Couleur.svg\",\"width\":1000,\"height\":616,\"caption\":\"Aur\u00e9lie Cousseau - Officiante de c\u00e9r\u00e9monies \u00e0 Bordeaux et dans le Sud-Ouest\"},\"image\":{\"@id\":\"https:\\\/\\\/www.aureliecousseau.com\\\/#\\\/schema\\\/logo\\\/image\\\/\"},\"sameAs\":[\"https:\\\/\\\/www.facebook.com\\\/aurelie.cousseau.ceremonie\\\/\",\"https:\\\/\\\/www.linkedin.com\\\/in\\\/aur\u00e9lie-cousseau-a997553\\\/?trk=nav_responsive_tab_profile_pic\",\"https:\\\/\\\/www.pinterest.fr\\\/aurelieceremony\\\/\"]}]}<\/script>\n<!-- \/ Yoast SEO plugin. -->","yoast_head_json":{"title":"Conseils pour votre c\u00e9r\u00e9monie - Aur\u00e9lie Cousseau - Officiante de c\u00e9r\u00e9monies \u00e0 Bordeaux et dans le Sud-Ouest","robots":{"index":"index","follow":"follow","max-snippet":"max-snippet:-1","max-image-preview":"max-image-preview:large","max-video-preview":"max-video-preview:-1"},"canonical":"https:\/\/www.aureliecousseau.com\/en\/prestations\/conseils-pour-votre-ceremonie\/","og_locale":"en_US","og_type":"article","og_title":"Conseils pour votre c\u00e9r\u00e9monie - Aur\u00e9lie Cousseau - Officiante de c\u00e9r\u00e9monies \u00e0 Bordeaux et dans le Sud-Ouest","og_description":"Vous avez besoin d&rsquo;un cadre et\/ou de faire v\u00e9rifier votre c\u00e9r\u00e9monie par un professionnel? Je propose une formule qui met un coup de projecteur sur votre c\u00e9r\u00e9monie et me permet de lui donner de l&rsquo;\u00e9clat. Cette prestation peut intervenir \u00e0 n\u2019importe quel \u00e9tape de vos pr\u00e9paratifs, en fonction de vos besoins. Par exemple\u00a0: Au d\u00e9but [&hellip;]","og_url":"https:\/\/www.aureliecousseau.com\/en\/prestations\/conseils-pour-votre-ceremonie\/","og_site_name":"Aur\u00e9lie Cousseau - Officiante de c\u00e9r\u00e9monies \u00e0 Bordeaux et dans le Sud-Ouest","article_publisher":"https:\/\/www.facebook.com\/aurelie.cousseau.ceremonie\/","article_modified_time":"2024-06-17T09:08:55+00:00","twitter_card":"summary_large_image","twitter_misc":{"Est. reading time":"2 minutes"},"schema":{"@context":"https:\/\/schema.org","@graph":[{"@type":"WebPage","@id":"https:\/\/www.aureliecousseau.com\/prestations\/conseils-pour-votre-ceremonie\/","url":"https:\/\/www.aureliecousseau.com\/prestations\/conseils-pour-votre-ceremonie\/","name":"Conseils pour votre c\u00e9r\u00e9monie - Aur\u00e9lie Cousseau - Officiante de c\u00e9r\u00e9monies \u00e0 Bordeaux et dans le Sud-Ouest","isPartOf":{"@id":"https:\/\/www.aureliecousseau.com\/#website"},"datePublished":"2021-10-04T18:17:34+00:00","dateModified":"2024-06-17T09:08:55+00:00","breadcrumb":{"@id":"https:\/\/www.aureliecousseau.com\/prestations\/conseils-pour-votre-ceremonie\/#breadcrumb"},"inLanguage":"en-US","potentialAction":[{"@type":"ReadAction","target":["https:\/\/www.aureliecousseau.com\/prestations\/conseils-pour-votre-ceremonie\/"]}]},{"@type":"BreadcrumbList","@id":"https:\/\/www.aureliecousseau.com\/prestations\/conseils-pour-votre-ceremonie\/#breadcrumb","itemListElement":[{"@type":"ListItem","position":1,"name":"Prestations","item":"https:\/\/www.aureliecousseau.com\/prestations\/"},{"@type":"ListItem","position":2,"name":"Conseils pour votre c\u00e9r\u00e9monie"}]},{"@type":"WebSite","@id":"https:\/\/www.aureliecousseau.com\/#website","url":"https:\/\/www.aureliecousseau.com\/","name":"Aur\u00e9lie Cousseau - Officiante de c\u00e9r\u00e9monies \u00e0 Bordeaux et dans le Sud-Ouest","description":"C\u00e9r\u00e9monie la\u00efque \u00e0 Bordeaux et dans le Sud-Ouest","publisher":{"@id":"https:\/\/www.aureliecousseau.com\/#organization"},"potentialAction":[{"@type":"SearchAction","target":{"@type":"EntryPoint","urlTemplate":"https:\/\/www.aureliecousseau.com\/?s={search_term_string}"},"query-input":{"@type":"PropertyValueSpecification","valueRequired":true,"valueName":"search_term_string"}}],"inLanguage":"en-US"},{"@type":"Organization","@id":"https:\/\/www.aureliecousseau.com\/#organization","name":"Aur\u00e9lie Cousseau - Officiante de c\u00e9r\u00e9monies \u00e0 Bordeaux et dans le Sud-Ouest","url":"https:\/\/www.aureliecousseau.com\/","logo":{"@type":"ImageObject","inLanguage":"en-US","@id":"https:\/\/www.aureliecousseau.com\/#\/schema\/logo\/image\/","url":"https:\/\/www.aureliecousseau.com\/wp-content\/uploads\/2021\/09\/Aurelie-Cousseau_Logo-_Couleur.svg","contentUrl":"https:\/\/www.aureliecousseau.com\/wp-content\/uploads\/2021\/09\/Aurelie-Cousseau_Logo-_Couleur.svg","width":1000,"height":616,"caption":"Aur\u00e9lie Cousseau - Officiante de c\u00e9r\u00e9monies \u00e0 Bordeaux et dans le Sud-Ouest"},"image":{"@id":"https:\/\/www.aureliecousseau.com\/#\/schema\/logo\/image\/"},"sameAs":["https:\/\/www.facebook.com\/aurelie.cousseau.ceremonie\/","https:\/\/www.linkedin.com\/in\/aur\u00e9lie-cousseau-a997553\/?trk=nav_responsive_tab_profile_pic","https:\/\/www.pinterest.fr\/aurelieceremony\/"]}]}},"_links":{"self":[{"href":"https:\/\/www.aureliecousseau.com\/en\/wp-json\/wp\/v2\/pages\/3563","targetHints":{"allow":["GET"]}}],"collection":[{"href":"https:\/\/www.aureliecousseau.com\/en\/wp-json\/wp\/v2\/pages"}],"about":[{"href":"https:\/\/www.aureliecousseau.com\/en\/wp-json\/wp\/v2\/types\/page"}],"author":[{"embeddable":true,"href":"https:\/\/www.aureliecousseau.com\/en\/wp-json\/wp\/v2\/users\/1"}],"replies":[{"embeddable":true,"href":"https:\/\/www.aureliecousseau.com\/en\/wp-json\/wp\/v2\/comments?post=3563"}],"version-history":[{"count":37,"href":"https:\/\/www.aureliecousseau.com\/en\/wp-json\/wp\/v2\/pages\/3563\/revisions"}],"predecessor-version":[{"id":5167,"href":"https:\/\/www.aureliecousseau.com\/en\/wp-json\/wp\/v2\/pages\/3563\/revisions\/5167"}],"up":[{"embeddable":true,"href":"https:\/\/www.aureliecousseau.com\/en\/wp-json\/wp\/v2\/pages\/2438"}],"wp:attachment":[{"href":"https:\/\/www.aureliecousseau.com\/en\/wp-json\/wp\/v2\/media?parent=3563"}],"curies":[{"name":"wp","href":"https:\/\/api.w.org\/{rel}","templated":true}]}}