{"id":3565,"date":"2021-10-04T20:17:54","date_gmt":"2021-10-04T18:17:54","guid":{"rendered":"https:\/\/www.aureliecousseau.com\/?page_id=3565"},"modified":"2024-06-17T11:10:17","modified_gmt":"2024-06-17T09:10:17","slug":"ceremonie-elopement","status":"publish","type":"page","link":"https:\/\/www.aureliecousseau.com\/en\/prestations\/ceremonie-elopement\/","title":{"rendered":"Elopement ceremony"},"content":{"rendered":"<div data-elementor-type=\"wp-page\" data-elementor-id=\"3565\" class=\"elementor elementor-3565\" data-elementor-post-type=\"page\">\n\t\t\t\t\t\t<section class=\"elementor-section elementor-top-section elementor-element elementor-element-d61094a elementor-section-height-min-height elementor-section-boxed elementor-section-height-default elementor-section-items-middle\" data-id=\"d61094a\" data-element_type=\"section\" data-settings=\"{&quot;background_background&quot;:&quot;classic&quot;}\">\n\t\t\t\t\t\t<div class=\"elementor-container elementor-column-gap-default\">\n\t\t\t\t\t<div class=\"elementor-column elementor-col-100 elementor-top-column elementor-element elementor-element-ff5bdeb\" data-id=\"ff5bdeb\" data-element_type=\"column\">\n\t\t\t<div class=\"elementor-widget-wrap\">\n\t\t\t\t\t\t\t<\/div>\n\t\t<\/div>\n\t\t\t\t\t<\/div>\n\t\t<\/section>\n\t\t\t\t<section class=\"elementor-section elementor-top-section elementor-element elementor-element-504ff19 elementor-section-boxed elementor-section-height-default elementor-section-height-default\" data-id=\"504ff19\" data-element_type=\"section\" data-settings=\"{&quot;background_background&quot;:&quot;classic&quot;}\">\n\t\t\t\t\t\t<div class=\"elementor-container elementor-column-gap-default\">\n\t\t\t\t\t<div class=\"elementor-column elementor-col-100 elementor-top-column elementor-element elementor-element-b97dc2f\" data-id=\"b97dc2f\" data-element_type=\"column\">\n\t\t\t<div class=\"elementor-widget-wrap elementor-element-populated\">\n\t\t\t\t\t\t<div class=\"elementor-element elementor-element-9e88191 elementor-widget elementor-widget-text-editor\" data-id=\"9e88191\" data-element_type=\"widget\" data-widget_type=\"text-editor.default\">\n\t\t\t\t<div class=\"elementor-widget-container\">\n\t\t\t\t\t\t\t\t\t<p>Do you want an intimate wedding in a magical setting that makes sense to you? Then the elopement is for you!<\/p>\t\t\t\t\t\t\t\t<\/div>\n\t\t\t\t<\/div>\n\t\t\t\t\t<\/div>\n\t\t<\/div>\n\t\t\t\t\t<\/div>\n\t\t<\/section>\n\t\t\t\t<section class=\"elementor-section elementor-top-section elementor-element elementor-element-10f8a8b elementor-section-full_width elementor-section-height-default elementor-section-height-default\" data-id=\"10f8a8b\" data-element_type=\"section\" data-settings=\"{&quot;background_background&quot;:&quot;classic&quot;}\">\n\t\t\t\t\t\t<div class=\"elementor-container elementor-column-gap-default\">\n\t\t\t\t\t<div class=\"elementor-column elementor-col-50 elementor-top-column elementor-element elementor-element-ade12be\" data-id=\"ade12be\" data-element_type=\"column\" data-settings=\"{&quot;background_background&quot;:&quot;classic&quot;}\">\n\t\t\t<div class=\"elementor-widget-wrap elementor-element-populated\">\n\t\t\t\t\t\t<div class=\"elementor-element elementor-element-c4aa075 elementor-widget elementor-widget-spacer\" data-id=\"c4aa075\" data-element_type=\"widget\" data-widget_type=\"spacer.default\">\n\t\t\t\t<div class=\"elementor-widget-container\">\n\t\t\t\t\t\t\t<div class=\"elementor-spacer\">\n\t\t\t<div class=\"elementor-spacer-inner\"><\/div>\n\t\t<\/div>\n\t\t\t\t\t\t<\/div>\n\t\t\t\t<\/div>\n\t\t\t\t\t<\/div>\n\t\t<\/div>\n\t\t\t\t<div class=\"elementor-column elementor-col-50 elementor-top-column elementor-element elementor-element-f4c8ebe\" data-id=\"f4c8ebe\" data-element_type=\"column\">\n\t\t\t<div class=\"elementor-widget-wrap elementor-element-populated\">\n\t\t\t\t\t\t<div class=\"elementor-element elementor-element-6251950 elementor-widget elementor-widget-heading\" data-id=\"6251950\" data-element_type=\"widget\" data-widget_type=\"heading.default\">\n\t\t\t\t<div class=\"elementor-widget-container\">\n\t\t\t\t\t<h2 class=\"elementor-heading-title elementor-size-default\">For this ceremony, we'll look together  to create your own bubble, tailored on your wishes, your story and your needs.<\/h2>\t\t\t\t<\/div>\n\t\t\t\t<\/div>\n\t\t\t\t<div class=\"elementor-element elementor-element-a99c0d4 elementor-widget elementor-widget-text-editor\" data-id=\"a99c0d4\" data-element_type=\"widget\" data-widget_type=\"text-editor.default\">\n\t\t\t\t<div class=\"elementor-widget-container\">\n\t\t\t\t\t\t\t\t\t<p>In the context of a wedding,<strong> an elopement is a \u2018love escape\u2019<\/strong>: the bride and groom decide to get married in complete privacy, alone or with just the wedding witnesses. In this romantic escape, away from the pressures of the group and the family, the bride and groom are completely free to choose the where, when and how.<\/p><p>Creating a ceremony that the bride and groom will experience together, and only together, is a special task: the speech, the tone and the staging are inevitably very different from weddings with guests.<\/p><p>Here,<strong>\u00a0the idea is to recreate a cocoon, a moment out of time, where the bride and groom find each other, discover each other and find themselves again.<\/strong><\/p>\t\t\t\t\t\t\t\t<\/div>\n\t\t\t\t<\/div>\n\t\t\t\t\t<\/div>\n\t\t<\/div>\n\t\t\t\t\t<\/div>\n\t\t<\/section>\n\t\t\t\t<section class=\"elementor-section elementor-top-section elementor-element elementor-element-849ad14 elementor-reverse-mobile elementor-section-boxed elementor-section-height-default elementor-section-height-default\" data-id=\"849ad14\" data-element_type=\"section\" data-settings=\"{&quot;background_background&quot;:&quot;classic&quot;}\">\n\t\t\t\t\t\t<div class=\"elementor-container elementor-column-gap-default\">\n\t\t\t\t\t<div class=\"elementor-column elementor-col-100 elementor-top-column elementor-element elementor-element-f36e26c\" data-id=\"f36e26c\" data-element_type=\"column\">\n\t\t\t<div class=\"elementor-widget-wrap elementor-element-populated\">\n\t\t\t\t\t\t<div class=\"elementor-element elementor-element-f4db170 elementor-widget elementor-widget-heading\" data-id=\"f4db170\" data-element_type=\"widget\" data-widget_type=\"heading.default\">\n\t\t\t\t<div class=\"elementor-widget-container\">\n\t\t\t\t\t<h2 class=\"elementor-heading-title elementor-size-default\">Depending on your project, this package can include<\/h2>\t\t\t\t<\/div>\n\t\t\t\t<\/div>\n\t\t\t\t<div class=\"elementor-element elementor-element-b2565f6 elementor-widget elementor-widget-text-editor\" data-id=\"b2565f6\" data-element_type=\"widget\" data-widget_type=\"text-editor.default\">\n\t\t\t\t<div class=\"elementor-widget-container\">\n\t\t\t\t\t\t\t\t\t<p>Suggesting the perfect spot to host your celebration.<\/p>\t\t\t\t\t\t\t\t<\/div>\n\t\t\t\t<\/div>\n\t\t\t\t<div class=\"elementor-element elementor-element-c1e4970 elementor-widget-divider--view-line elementor-widget elementor-widget-divider\" data-id=\"c1e4970\" data-element_type=\"widget\" data-widget_type=\"divider.default\">\n\t\t\t\t<div class=\"elementor-widget-container\">\n\t\t\t\t\t\t\t<div class=\"elementor-divider\">\n\t\t\t<span class=\"elementor-divider-separator\">\n\t\t\t\t\t\t<\/span>\n\t\t<\/div>\n\t\t\t\t\t\t<\/div>\n\t\t\t\t<\/div>\n\t\t\t\t<div class=\"elementor-element elementor-element-e618912 elementor-widget elementor-widget-text-editor\" data-id=\"e618912\" data-element_type=\"widget\" data-widget_type=\"text-editor.default\">\n\t\t\t\t<div class=\"elementor-widget-container\">\n\t\t\t\t\t\t\t\t\t<p>Writing and performing your intimate ceremony.<\/p>\t\t\t\t\t\t\t\t<\/div>\n\t\t\t\t<\/div>\n\t\t\t\t<div class=\"elementor-element elementor-element-d22463e elementor-widget-divider--view-line elementor-widget elementor-widget-divider\" data-id=\"d22463e\" data-element_type=\"widget\" data-widget_type=\"divider.default\">\n\t\t\t\t<div class=\"elementor-widget-container\">\n\t\t\t\t\t\t\t<div class=\"elementor-divider\">\n\t\t\t<span class=\"elementor-divider-separator\">\n\t\t\t\t\t\t<\/span>\n\t\t<\/div>\n\t\t\t\t\t\t<\/div>\n\t\t\t\t<\/div>\n\t\t\t\t<div class=\"elementor-element elementor-element-06663c4 elementor-widget elementor-widget-text-editor\" data-id=\"06663c4\" data-element_type=\"widget\" data-widget_type=\"text-editor.default\">\n\t\t\t\t<div class=\"elementor-widget-container\">\n\t\t\t\t\t\t\t\t\t<p>The services of a professional photographer to immortalise the moment.<\/p>\t\t\t\t\t\t\t\t<\/div>\n\t\t\t\t<\/div>\n\t\t\t\t<div class=\"elementor-element elementor-element-bad1140 elementor-widget-divider--view-line elementor-widget elementor-widget-divider\" data-id=\"bad1140\" data-element_type=\"widget\" data-widget_type=\"divider.default\">\n\t\t\t\t<div class=\"elementor-widget-container\">\n\t\t\t\t\t\t\t<div class=\"elementor-divider\">\n\t\t\t<span class=\"elementor-divider-separator\">\n\t\t\t\t\t\t<\/span>\n\t\t<\/div>\n\t\t\t\t\t\t<\/div>\n\t\t\t\t<\/div>\n\t\t\t\t<div class=\"elementor-element elementor-element-6bdec8b elementor-widget elementor-widget-text-editor\" data-id=\"6bdec8b\" data-element_type=\"widget\" data-widget_type=\"text-editor.default\">\n\t\t\t\t<div class=\"elementor-widget-container\">\n\t\t\t\t\t\t\t\t\tComplementary services such as flowers (bridal bouquet\/crown, buttonhole), a videographer or a wedding planner.\t\t\t\t\t\t\t\t<\/div>\n\t\t\t\t<\/div>\n\t\t\t\t<div class=\"elementor-element elementor-element-dc3af22 elementor-widget-divider--view-line elementor-widget elementor-widget-divider\" data-id=\"dc3af22\" data-element_type=\"widget\" data-widget_type=\"divider.default\">\n\t\t\t\t<div class=\"elementor-widget-container\">\n\t\t\t\t\t\t\t<div class=\"elementor-divider\">\n\t\t\t<span class=\"elementor-divider-separator\">\n\t\t\t\t\t\t<\/span>\n\t\t<\/div>\n\t\t\t\t\t\t<\/div>\n\t\t\t\t<\/div>\n\t\t\t\t<div class=\"elementor-element elementor-element-6e27d38 elementor-widget elementor-widget-heading\" data-id=\"6e27d38\" data-element_type=\"widget\" data-widget_type=\"heading.default\">\n\t\t\t\t<div class=\"elementor-widget-container\">\n\t\t\t\t\t<p class=\"elementor-heading-title elementor-size-default\">Price: on quotation<\/p>\t\t\t\t<\/div>\n\t\t\t\t<\/div>\n\t\t\t\t\t<\/div>\n\t\t<\/div>\n\t\t\t\t\t<\/div>\n\t\t<\/section>\n\t\t\t\t<section class=\"elementor-section elementor-top-section elementor-element elementor-element-087e31f elementor-section-full_width elementor-reverse-mobile elementor-section-height-default elementor-section-height-default\" data-id=\"087e31f\" data-element_type=\"section\" data-settings=\"{&quot;background_background&quot;:&quot;classic&quot;}\">\n\t\t\t\t\t\t<div class=\"elementor-container elementor-column-gap-default\">\n\t\t\t\t\t<div class=\"elementor-column elementor-col-50 elementor-top-column elementor-element elementor-element-4e44adf\" data-id=\"4e44adf\" data-element_type=\"column\">\n\t\t\t<div class=\"elementor-widget-wrap elementor-element-populated\">\n\t\t\t\t\t\t<div class=\"elementor-element elementor-element-05c9afe elementor-widget elementor-widget-heading\" data-id=\"05c9afe\" data-element_type=\"widget\" data-widget_type=\"heading.default\">\n\t\t\t\t<div class=\"elementor-widget-container\">\n\t\t\t\t\t<h3 class=\"elementor-heading-title elementor-size-default\">Who I am<\/h3>\t\t\t\t<\/div>\n\t\t\t\t<\/div>\n\t\t\t\t<div class=\"elementor-element elementor-element-d31c473 elementor-widget elementor-widget-text-editor\" data-id=\"d31c473\" data-element_type=\"widget\" data-widget_type=\"text-editor.default\">\n\t\t\t\t<div class=\"elementor-widget-container\">\n\t\t\t\t\t\t\t\t\tI\u2019m Aur\u00e9lie Cousseau, Wedding Celebrant. My passion is to guide you through life\u2019s most meaningful moments: <strong>weddings<\/strong> of course, but also <strong>pregrancy<\/strong>, <strong>birth<\/strong>, the creation of a family, <strong>vows renewals<\/strong>, <strong>an elopement ceremony...<\/strong>Every milestone deserves to be celebrated in a way that feels magical and unforgettable\u2014for you and your loved ones.\nWith a personalized and heartfelt approach, I offer a range of services tailored to your needs:\n<ul>\n \t<li>A fully bespoke ceremony crafted and led by me.<\/li>\n \t<li>Guidance and support for your chosen officiant.<\/li>\n \t<li>Expert advice to design your perfect ceremony.<\/li>\n \t<li>An intimate elopement ceremony for just the two of you. \n\n\nReady to turn your special moments into lasting memories? Let\u2019s create beautiful moments together!<\/li>\n<\/ul>\t\t\t\t\t\t\t\t<\/div>\n\t\t\t\t<\/div>\n\t\t\t\t<div class=\"elementor-element elementor-element-3f9c45d elementor-align-left elementor-widget elementor-widget-button\" data-id=\"3f9c45d\" data-element_type=\"widget\" data-widget_type=\"button.default\">\n\t\t\t\t<div class=\"elementor-widget-container\">\n\t\t\t\t\t\t\t\t\t<div class=\"elementor-button-wrapper\">\n\t\t\t\t\t<a class=\"elementor-button elementor-button-link elementor-size-sm\" href=\"https:\/\/www.aureliecousseau.com\/en\/contact\/\">\n\t\t\t\t\t\t<span class=\"elementor-button-content-wrapper\">\n\t\t\t\t\t\t\t\t\t<span class=\"elementor-button-text\">Contact me!<\/span>\n\t\t\t\t\t<\/span>\n\t\t\t\t\t<\/a>\n\t\t\t\t<\/div>\n\t\t\t\t\t\t\t\t<\/div>\n\t\t\t\t<\/div>\n\t\t\t\t\t<\/div>\n\t\t<\/div>\n\t\t\t\t<div class=\"elementor-column elementor-col-50 elementor-top-column elementor-element elementor-element-0a7aeef\" data-id=\"0a7aeef\" data-element_type=\"column\" data-settings=\"{&quot;background_background&quot;:&quot;classic&quot;}\">\n\t\t\t<div class=\"elementor-widget-wrap elementor-element-populated\">\n\t\t\t\t\t\t<div class=\"elementor-element elementor-element-b994f57 elementor-widget elementor-widget-spacer\" data-id=\"b994f57\" data-element_type=\"widget\" data-widget_type=\"spacer.default\">\n\t\t\t\t<div class=\"elementor-widget-container\">\n\t\t\t\t\t\t\t<div class=\"elementor-spacer\">\n\t\t\t<div class=\"elementor-spacer-inner\"><\/div>\n\t\t<\/div>\n\t\t\t\t\t\t<\/div>\n\t\t\t\t<\/div>\n\t\t\t\t\t<\/div>\n\t\t<\/div>\n\t\t\t\t\t<\/div>\n\t\t<\/section>\n\t\t\t\t<\/div>","protected":false},"excerpt":{"rendered":"<p>Vous souhaitez vous marier en toute intimit\u00e9, dans un cadre magique, et qui fait sens pour vous ? L\u2019\u00e9lopement est fait fait pour vous ! Pour cette c\u00e9r\u00e9monie, nous verrons ensemble comment cr\u00e9er votre bulle, en fonction de vos envies, votre histoire et vos besoins. Le mot \u00ab \u00e9lopement \u00bb vient de l\u2019anglais et signifie [&hellip;]<\/p>\n","protected":false},"author":1,"featured_media":0,"parent":2438,"menu_order":0,"comment_status":"closed","ping_status":"closed","template":"elementor_header_footer","meta":{"footnotes":""},"class_list":["post-3565","page","type-page","status-publish","hentry"],"yoast_head":"<!-- This site is optimized with the Yoast SEO plugin v27.1.1 - https:\/\/yoast.com\/product\/yoast-seo-wordpress\/ -->\n<title>C\u00e9r\u00e9monie d&#039;\u00e9lopement - Aur\u00e9lie Cousseau - Officiante de c\u00e9r\u00e9monies \u00e0 Bordeaux et dans le Sud-Ouest<\/title>\n<meta name=\"robots\" content=\"index, follow, max-snippet:-1, max-image-preview:large, max-video-preview:-1\" \/>\n<link rel=\"canonical\" href=\"https:\/\/www.aureliecousseau.com\/en\/prestations\/ceremonie-elopement\/\" \/>\n<meta property=\"og:locale\" content=\"en_US\" \/>\n<meta property=\"og:type\" content=\"article\" \/>\n<meta property=\"og:title\" content=\"C\u00e9r\u00e9monie d&#039;\u00e9lopement - Aur\u00e9lie Cousseau - Officiante de c\u00e9r\u00e9monies \u00e0 Bordeaux et dans le Sud-Ouest\" \/>\n<meta property=\"og:description\" content=\"Vous souhaitez vous marier en toute intimit\u00e9, dans un cadre magique, et qui fait sens pour vous ? L\u2019\u00e9lopement est fait fait pour vous ! Pour cette c\u00e9r\u00e9monie, nous verrons ensemble comment cr\u00e9er votre bulle, en fonction de vos envies, votre histoire et vos besoins. Le mot \u00ab \u00e9lopement \u00bb vient de l\u2019anglais et signifie [&hellip;]\" \/>\n<meta property=\"og:url\" content=\"https:\/\/www.aureliecousseau.com\/en\/prestations\/ceremonie-elopement\/\" \/>\n<meta property=\"og:site_name\" content=\"Aur\u00e9lie Cousseau - Officiante de c\u00e9r\u00e9monies \u00e0 Bordeaux et dans le Sud-Ouest\" \/>\n<meta property=\"article:publisher\" content=\"https:\/\/www.facebook.com\/aurelie.cousseau.ceremonie\/\" \/>\n<meta property=\"article:modified_time\" content=\"2024-06-17T09:10:17+00:00\" \/>\n<meta name=\"twitter:card\" content=\"summary_large_image\" \/>\n<meta name=\"twitter:label1\" content=\"Est. reading time\" \/>\n\t<meta name=\"twitter:data1\" content=\"2 minutes\" \/>\n<script type=\"application\/ld+json\" class=\"yoast-schema-graph\">{\"@context\":\"https:\/\/schema.org\",\"@graph\":[{\"@type\":\"WebPage\",\"@id\":\"https:\/\/www.aureliecousseau.com\/prestations\/ceremonie-elopement\/\",\"url\":\"https:\/\/www.aureliecousseau.com\/prestations\/ceremonie-elopement\/\",\"name\":\"C\u00e9r\u00e9monie d'\u00e9lopement - Aur\u00e9lie Cousseau - Officiante de c\u00e9r\u00e9monies \u00e0 Bordeaux et dans le Sud-Ouest\",\"isPartOf\":{\"@id\":\"https:\/\/www.aureliecousseau.com\/#website\"},\"datePublished\":\"2021-10-04T18:17:54+00:00\",\"dateModified\":\"2024-06-17T09:10:17+00:00\",\"breadcrumb\":{\"@id\":\"https:\/\/www.aureliecousseau.com\/prestations\/ceremonie-elopement\/#breadcrumb\"},\"inLanguage\":\"en-US\",\"potentialAction\":[{\"@type\":\"ReadAction\",\"target\":[\"https:\/\/www.aureliecousseau.com\/prestations\/ceremonie-elopement\/\"]}]},{\"@type\":\"BreadcrumbList\",\"@id\":\"https:\/\/www.aureliecousseau.com\/prestations\/ceremonie-elopement\/#breadcrumb\",\"itemListElement\":[{\"@type\":\"ListItem\",\"position\":1,\"name\":\"Prestations\",\"item\":\"https:\/\/www.aureliecousseau.com\/prestations\/\"},{\"@type\":\"ListItem\",\"position\":2,\"name\":\"C\u00e9r\u00e9monie d&rsquo;\u00e9lopement\"}]},{\"@type\":\"WebSite\",\"@id\":\"https:\/\/www.aureliecousseau.com\/#website\",\"url\":\"https:\/\/www.aureliecousseau.com\/\",\"name\":\"Aur\u00e9lie Cousseau - Officiante de c\u00e9r\u00e9monies \u00e0 Bordeaux et dans le Sud-Ouest\",\"description\":\"C\u00e9r\u00e9monie la\u00efque \u00e0 Bordeaux et dans le Sud-Ouest\",\"publisher\":{\"@id\":\"https:\/\/www.aureliecousseau.com\/#organization\"},\"potentialAction\":[{\"@type\":\"SearchAction\",\"target\":{\"@type\":\"EntryPoint\",\"urlTemplate\":\"https:\/\/www.aureliecousseau.com\/?s={search_term_string}\"},\"query-input\":{\"@type\":\"PropertyValueSpecification\",\"valueRequired\":true,\"valueName\":\"search_term_string\"}}],\"inLanguage\":\"en-US\"},{\"@type\":\"Organization\",\"@id\":\"https:\/\/www.aureliecousseau.com\/#organization\",\"name\":\"Aur\u00e9lie Cousseau - Officiante de c\u00e9r\u00e9monies \u00e0 Bordeaux et dans le Sud-Ouest\",\"url\":\"https:\/\/www.aureliecousseau.com\/\",\"logo\":{\"@type\":\"ImageObject\",\"inLanguage\":\"en-US\",\"@id\":\"https:\/\/www.aureliecousseau.com\/#\/schema\/logo\/image\/\",\"url\":\"https:\/\/www.aureliecousseau.com\/wp-content\/uploads\/2021\/09\/Aurelie-Cousseau_Logo-_Couleur.svg\",\"contentUrl\":\"https:\/\/www.aureliecousseau.com\/wp-content\/uploads\/2021\/09\/Aurelie-Cousseau_Logo-_Couleur.svg\",\"width\":1000,\"height\":616,\"caption\":\"Aur\u00e9lie Cousseau - Officiante de c\u00e9r\u00e9monies \u00e0 Bordeaux et dans le Sud-Ouest\"},\"image\":{\"@id\":\"https:\/\/www.aureliecousseau.com\/#\/schema\/logo\/image\/\"},\"sameAs\":[\"https:\/\/www.facebook.com\/aurelie.cousseau.ceremonie\/\",\"https:\/\/www.linkedin.com\/in\/aur\u00e9lie-cousseau-a997553\/?trk=nav_responsive_tab_profile_pic\",\"https:\/\/www.pinterest.fr\/aurelieceremony\/\"]}]}<\/script>\n<!-- \/ Yoast SEO plugin. -->","yoast_head_json":{"title":"C\u00e9r\u00e9monie d'\u00e9lopement - Aur\u00e9lie Cousseau - Officiante de c\u00e9r\u00e9monies \u00e0 Bordeaux et dans le Sud-Ouest","robots":{"index":"index","follow":"follow","max-snippet":"max-snippet:-1","max-image-preview":"max-image-preview:large","max-video-preview":"max-video-preview:-1"},"canonical":"https:\/\/www.aureliecousseau.com\/en\/prestations\/ceremonie-elopement\/","og_locale":"en_US","og_type":"article","og_title":"C\u00e9r\u00e9monie d'\u00e9lopement - Aur\u00e9lie Cousseau - Officiante de c\u00e9r\u00e9monies \u00e0 Bordeaux et dans le Sud-Ouest","og_description":"Vous souhaitez vous marier en toute intimit\u00e9, dans un cadre magique, et qui fait sens pour vous ? L\u2019\u00e9lopement est fait fait pour vous ! Pour cette c\u00e9r\u00e9monie, nous verrons ensemble comment cr\u00e9er votre bulle, en fonction de vos envies, votre histoire et vos besoins. Le mot \u00ab \u00e9lopement \u00bb vient de l\u2019anglais et signifie [&hellip;]","og_url":"https:\/\/www.aureliecousseau.com\/en\/prestations\/ceremonie-elopement\/","og_site_name":"Aur\u00e9lie Cousseau - Officiante de c\u00e9r\u00e9monies \u00e0 Bordeaux et dans le Sud-Ouest","article_publisher":"https:\/\/www.facebook.com\/aurelie.cousseau.ceremonie\/","article_modified_time":"2024-06-17T09:10:17+00:00","twitter_card":"summary_large_image","twitter_misc":{"Est. reading time":"2 minutes"},"schema":{"@context":"https:\/\/schema.org","@graph":[{"@type":"WebPage","@id":"https:\/\/www.aureliecousseau.com\/prestations\/ceremonie-elopement\/","url":"https:\/\/www.aureliecousseau.com\/prestations\/ceremonie-elopement\/","name":"C\u00e9r\u00e9monie d'\u00e9lopement - Aur\u00e9lie Cousseau - Officiante de c\u00e9r\u00e9monies \u00e0 Bordeaux et dans le Sud-Ouest","isPartOf":{"@id":"https:\/\/www.aureliecousseau.com\/#website"},"datePublished":"2021-10-04T18:17:54+00:00","dateModified":"2024-06-17T09:10:17+00:00","breadcrumb":{"@id":"https:\/\/www.aureliecousseau.com\/prestations\/ceremonie-elopement\/#breadcrumb"},"inLanguage":"en-US","potentialAction":[{"@type":"ReadAction","target":["https:\/\/www.aureliecousseau.com\/prestations\/ceremonie-elopement\/"]}]},{"@type":"BreadcrumbList","@id":"https:\/\/www.aureliecousseau.com\/prestations\/ceremonie-elopement\/#breadcrumb","itemListElement":[{"@type":"ListItem","position":1,"name":"Prestations","item":"https:\/\/www.aureliecousseau.com\/prestations\/"},{"@type":"ListItem","position":2,"name":"C\u00e9r\u00e9monie d&rsquo;\u00e9lopement"}]},{"@type":"WebSite","@id":"https:\/\/www.aureliecousseau.com\/#website","url":"https:\/\/www.aureliecousseau.com\/","name":"Aur\u00e9lie Cousseau - Officiante de c\u00e9r\u00e9monies \u00e0 Bordeaux et dans le Sud-Ouest","description":"C\u00e9r\u00e9monie la\u00efque \u00e0 Bordeaux et dans le Sud-Ouest","publisher":{"@id":"https:\/\/www.aureliecousseau.com\/#organization"},"potentialAction":[{"@type":"SearchAction","target":{"@type":"EntryPoint","urlTemplate":"https:\/\/www.aureliecousseau.com\/?s={search_term_string}"},"query-input":{"@type":"PropertyValueSpecification","valueRequired":true,"valueName":"search_term_string"}}],"inLanguage":"en-US"},{"@type":"Organization","@id":"https:\/\/www.aureliecousseau.com\/#organization","name":"Aur\u00e9lie Cousseau - Officiante de c\u00e9r\u00e9monies \u00e0 Bordeaux et dans le Sud-Ouest","url":"https:\/\/www.aureliecousseau.com\/","logo":{"@type":"ImageObject","inLanguage":"en-US","@id":"https:\/\/www.aureliecousseau.com\/#\/schema\/logo\/image\/","url":"https:\/\/www.aureliecousseau.com\/wp-content\/uploads\/2021\/09\/Aurelie-Cousseau_Logo-_Couleur.svg","contentUrl":"https:\/\/www.aureliecousseau.com\/wp-content\/uploads\/2021\/09\/Aurelie-Cousseau_Logo-_Couleur.svg","width":1000,"height":616,"caption":"Aur\u00e9lie Cousseau - Officiante de c\u00e9r\u00e9monies \u00e0 Bordeaux et dans le Sud-Ouest"},"image":{"@id":"https:\/\/www.aureliecousseau.com\/#\/schema\/logo\/image\/"},"sameAs":["https:\/\/www.facebook.com\/aurelie.cousseau.ceremonie\/","https:\/\/www.linkedin.com\/in\/aur\u00e9lie-cousseau-a997553\/?trk=nav_responsive_tab_profile_pic","https:\/\/www.pinterest.fr\/aurelieceremony\/"]}]}},"_links":{"self":[{"href":"https:\/\/www.aureliecousseau.com\/en\/wp-json\/wp\/v2\/pages\/3565","targetHints":{"allow":["GET"]}}],"collection":[{"href":"https:\/\/www.aureliecousseau.com\/en\/wp-json\/wp\/v2\/pages"}],"about":[{"href":"https:\/\/www.aureliecousseau.com\/en\/wp-json\/wp\/v2\/types\/page"}],"author":[{"embeddable":true,"href":"https:\/\/www.aureliecousseau.com\/en\/wp-json\/wp\/v2\/users\/1"}],"replies":[{"embeddable":true,"href":"https:\/\/www.aureliecousseau.com\/en\/wp-json\/wp\/v2\/comments?post=3565"}],"version-history":[{"count":114,"href":"https:\/\/www.aureliecousseau.com\/en\/wp-json\/wp\/v2\/pages\/3565\/revisions"}],"predecessor-version":[{"id":5175,"href":"https:\/\/www.aureliecousseau.com\/en\/wp-json\/wp\/v2\/pages\/3565\/revisions\/5175"}],"up":[{"embeddable":true,"href":"https:\/\/www.aureliecousseau.com\/en\/wp-json\/wp\/v2\/pages\/2438"}],"wp:attachment":[{"href":"https:\/\/www.aureliecousseau.com\/en\/wp-json\/wp\/v2\/media?parent=3565"}],"curies":[{"name":"wp","href":"https:\/\/api.w.org\/{rel}","templated":true}]}}